{"id":8199,"date":"2021-02-10T23:39:03","date_gmt":"2021-02-10T22:39:03","guid":{"rendered":"https:\/\/www.amis-de-compostelle.fr\/in-santiago-de-compostela\/die-kathedrale\/"},"modified":"2025-11-12T22:36:32","modified_gmt":"2025-11-12T21:36:32","slug":"die-kathedrale","status":"publish","type":"page","link":"https:\/\/www.amis-de-compostelle.fr\/de\/der-weg\/in-santiago-de-compostela\/die-kathedrale\/","title":{"rendered":"Die Kathedrale"},"content":{"rendered":"","protected":false},"excerpt":{"rendered":"","protected":false},"author":1,"featured_media":0,"parent":8059,"menu_order":0,"comment_status":"closed","ping_status":"closed","template":"template-anchors.php","meta":{"_acf_changed":false,"inline_featured_image":false,"_EventAllDay":false,"_EventTimezone":"","_EventStartDate":"","_EventEndDate":"","_EventStartDateUTC":"","_EventEndDateUTC":"","_EventShowMap":false,"_EventShowMapLink":false,"_EventURL":"","_EventCost":"","_EventCostDescription":"","_EventCurrencySymbol":"","_EventCurrencyCode":"","_EventCurrencyPosition":"","_EventDateTimeSeparator":"","_EventTimeRangeSeparator":"","_EventOrganizerID":[],"_EventVenueID":[],"_OrganizerEmail":"","_OrganizerPhone":"","_OrganizerWebsite":"","_VenueAddress":"","_VenueCity":"","_VenueCountry":"","_VenueProvince":"","_VenueState":"","_VenueZip":"","_VenuePhone":"","_VenueURL":"","_VenueStateProvince":"","_VenueLat":"","_VenueLng":"","_VenueShowMap":false,"_VenueShowMapLink":false,"footnotes":""},"class_list":["post-8199","page","type-page","status-publish","hentry"],"acf":[],"yoast_head":"<!-- This site is optimized with the Yoast SEO plugin v27.3 - https:\/\/yoast.com\/product\/yoast-seo-wordpress\/ -->\n<title>Die Kathedrale &#060; Soci\u00e9t\u00e9 Fran\u00e7aise des Amis de Saint-Jacques de Compostelle<\/title>\n<meta name=\"robots\" content=\"index, follow, max-snippet:-1, max-image-preview:large, max-video-preview:-1\" \/>\n<link rel=\"canonical\" href=\"https:\/\/www.amis-de-compostelle.fr\/de\/der-weg\/in-santiago-de-compostela\/die-kathedrale\/\" \/>\n<meta property=\"og:locale\" content=\"de_DE\" \/>\n<meta property=\"og:type\" content=\"article\" \/>\n<meta property=\"og:title\" content=\"Die Kathedrale &#060; Soci\u00e9t\u00e9 Fran\u00e7aise des Amis de Saint-Jacques de Compostelle\" \/>\n<meta property=\"og:url\" content=\"https:\/\/www.amis-de-compostelle.fr\/de\/der-weg\/in-santiago-de-compostela\/die-kathedrale\/\" \/>\n<meta property=\"og:site_name\" content=\"Soci\u00e9t\u00e9 Fran\u00e7aise des Amis de Saint-Jacques de Compostelle\" \/>\n<meta property=\"article:modified_time\" content=\"2025-11-12T21:36:32+00:00\" \/>\n<meta property=\"og:image\" content=\"https:\/\/upload.wikimedia.org\/wikipedia\/commons\/thumb\/4\/4f\/Catedral%2C_Santiago_de_Compostela%2C_Espa%C3%B1a%2C_2015-09-22%2C_DD_12.jpg\/443px-Catedral%2C_Santiago_de_Compostela%2C_Espa%C3%B1a%2C_2015-09-22%2C_DD_12.jpg\" \/>\n<meta name=\"twitter:card\" content=\"summary_large_image\" \/>\n<meta name=\"twitter:label1\" content=\"Gesch\u00e4tzte Lesezeit\" \/>\n\t<meta name=\"twitter:data1\" content=\"6\u00a0Minute\" \/>\n<script type=\"application\/ld+json\" class=\"yoast-schema-graph\">{\"@context\":\"https:\\\/\\\/schema.org\",\"@graph\":[{\"@type\":\"WebPage\",\"@id\":\"https:\\\/\\\/www.amis-de-compostelle.fr\\\/de\\\/der-weg\\\/in-santiago-de-compostela\\\/die-kathedrale\\\/\",\"url\":\"https:\\\/\\\/www.amis-de-compostelle.fr\\\/de\\\/der-weg\\\/in-santiago-de-compostela\\\/die-kathedrale\\\/\",\"name\":\"Die Kathedrale &#060; Soci\u00e9t\u00e9 Fran\u00e7aise des Amis de Saint-Jacques de Compostelle\",\"isPartOf\":{\"@id\":\"https:\\\/\\\/www.amis-de-compostelle.fr\\\/de\\\/#website\"},\"primaryImageOfPage\":{\"@id\":\"https:\\\/\\\/www.amis-de-compostelle.fr\\\/de\\\/der-weg\\\/in-santiago-de-compostela\\\/die-kathedrale\\\/#primaryimage\"},\"image\":{\"@id\":\"https:\\\/\\\/www.amis-de-compostelle.fr\\\/de\\\/der-weg\\\/in-santiago-de-compostela\\\/die-kathedrale\\\/#primaryimage\"},\"thumbnailUrl\":\"https:\\\/\\\/upload.wikimedia.org\\\/wikipedia\\\/commons\\\/thumb\\\/4\\\/4f\\\/Catedral%2C_Santiago_de_Compostela%2C_Espa%C3%B1a%2C_2015-09-22%2C_DD_12.jpg\\\/443px-Catedral%2C_Santiago_de_Compostela%2C_Espa%C3%B1a%2C_2015-09-22%2C_DD_12.jpg\",\"datePublished\":\"2021-02-10T22:39:03+00:00\",\"dateModified\":\"2025-11-12T21:36:32+00:00\",\"breadcrumb\":{\"@id\":\"https:\\\/\\\/www.amis-de-compostelle.fr\\\/de\\\/der-weg\\\/in-santiago-de-compostela\\\/die-kathedrale\\\/#breadcrumb\"},\"inLanguage\":\"de\",\"potentialAction\":[{\"@type\":\"ReadAction\",\"target\":[\"https:\\\/\\\/www.amis-de-compostelle.fr\\\/de\\\/der-weg\\\/in-santiago-de-compostela\\\/die-kathedrale\\\/\"]}]},{\"@type\":\"ImageObject\",\"inLanguage\":\"de\",\"@id\":\"https:\\\/\\\/www.amis-de-compostelle.fr\\\/de\\\/der-weg\\\/in-santiago-de-compostela\\\/die-kathedrale\\\/#primaryimage\",\"url\":\"https:\\\/\\\/upload.wikimedia.org\\\/wikipedia\\\/commons\\\/thumb\\\/4\\\/4f\\\/Catedral%2C_Santiago_de_Compostela%2C_Espa%C3%B1a%2C_2015-09-22%2C_DD_12.jpg\\\/443px-Catedral%2C_Santiago_de_Compostela%2C_Espa%C3%B1a%2C_2015-09-22%2C_DD_12.jpg\",\"contentUrl\":\"https:\\\/\\\/upload.wikimedia.org\\\/wikipedia\\\/commons\\\/thumb\\\/4\\\/4f\\\/Catedral%2C_Santiago_de_Compostela%2C_Espa%C3%B1a%2C_2015-09-22%2C_DD_12.jpg\\\/443px-Catedral%2C_Santiago_de_Compostela%2C_Espa%C3%B1a%2C_2015-09-22%2C_DD_12.jpg\"},{\"@type\":\"BreadcrumbList\",\"@id\":\"https:\\\/\\\/www.amis-de-compostelle.fr\\\/de\\\/der-weg\\\/in-santiago-de-compostela\\\/die-kathedrale\\\/#breadcrumb\",\"itemListElement\":[{\"@type\":\"ListItem\",\"position\":1,\"name\":\"Accueil\",\"item\":\"https:\\\/\\\/www.amis-de-compostelle.fr\\\/de\\\/\"},{\"@type\":\"ListItem\",\"position\":2,\"name\":\"Der Weg\",\"item\":\"https:\\\/\\\/www.amis-de-compostelle.fr\\\/de\\\/der-weg\\\/\"},{\"@type\":\"ListItem\",\"position\":3,\"name\":\"In Santiago de Compostela\",\"item\":\"https:\\\/\\\/www.amis-de-compostelle.fr\\\/de\\\/der-weg\\\/in-santiago-de-compostela\\\/\"},{\"@type\":\"ListItem\",\"position\":4,\"name\":\"Die Kathedrale\"}]},{\"@type\":\"WebSite\",\"@id\":\"https:\\\/\\\/www.amis-de-compostelle.fr\\\/de\\\/#website\",\"url\":\"https:\\\/\\\/www.amis-de-compostelle.fr\\\/de\\\/\",\"name\":\"Soci\u00e9t\u00e9 Fran\u00e7aise des Amis de Saint-Jacques de Compostelle\",\"description\":\"La plus ancienne de toutes les associations jacquaires \u2013 depuis 1950\",\"publisher\":{\"@id\":\"https:\\\/\\\/www.amis-de-compostelle.fr\\\/de\\\/#organization\"},\"potentialAction\":[{\"@type\":\"SearchAction\",\"target\":{\"@type\":\"EntryPoint\",\"urlTemplate\":\"https:\\\/\\\/www.amis-de-compostelle.fr\\\/de\\\/?s={search_term_string}\"},\"query-input\":{\"@type\":\"PropertyValueSpecification\",\"valueRequired\":true,\"valueName\":\"search_term_string\"}}],\"inLanguage\":\"de\"},{\"@type\":\"Organization\",\"@id\":\"https:\\\/\\\/www.amis-de-compostelle.fr\\\/de\\\/#organization\",\"name\":\"SOCIETE FRANCAISE DES AMIS DE SAINT-JACQUES DE COMPOSTELLE\",\"url\":\"https:\\\/\\\/www.amis-de-compostelle.fr\\\/de\\\/\",\"logo\":{\"@type\":\"ImageObject\",\"inLanguage\":\"de\",\"@id\":\"https:\\\/\\\/www.amis-de-compostelle.fr\\\/de\\\/#\\\/schema\\\/logo\\\/image\\\/\",\"url\":\"https:\\\/\\\/www.amis-de-compostelle.fr\\\/wp-content\\\/uploads\\\/2021\\\/02\\\/cropped-SFASJ-logo.png\",\"contentUrl\":\"https:\\\/\\\/www.amis-de-compostelle.fr\\\/wp-content\\\/uploads\\\/2021\\\/02\\\/cropped-SFASJ-logo.png\",\"width\":512,\"height\":512,\"caption\":\"SOCIETE FRANCAISE DES AMIS DE SAINT-JACQUES DE COMPOSTELLE\"},\"image\":{\"@id\":\"https:\\\/\\\/www.amis-de-compostelle.fr\\\/de\\\/#\\\/schema\\\/logo\\\/image\\\/\"}}]}<\/script>\n<!-- \/ Yoast SEO plugin. -->","yoast_head_json":{"title":"Die Kathedrale &#060; Soci\u00e9t\u00e9 Fran\u00e7aise des Amis de Saint-Jacques de Compostelle","robots":{"index":"index","follow":"follow","max-snippet":"max-snippet:-1","max-image-preview":"max-image-preview:large","max-video-preview":"max-video-preview:-1"},"canonical":"https:\/\/www.amis-de-compostelle.fr\/de\/der-weg\/in-santiago-de-compostela\/die-kathedrale\/","og_locale":"de_DE","og_type":"article","og_title":"Die Kathedrale &#060; Soci\u00e9t\u00e9 Fran\u00e7aise des Amis de Saint-Jacques de Compostelle","og_url":"https:\/\/www.amis-de-compostelle.fr\/de\/der-weg\/in-santiago-de-compostela\/die-kathedrale\/","og_site_name":"Soci\u00e9t\u00e9 Fran\u00e7aise des Amis de Saint-Jacques de Compostelle","article_modified_time":"2025-11-12T21:36:32+00:00","og_image":[{"url":"https:\/\/upload.wikimedia.org\/wikipedia\/commons\/thumb\/4\/4f\/Catedral%2C_Santiago_de_Compostela%2C_Espa%C3%B1a%2C_2015-09-22%2C_DD_12.jpg\/443px-Catedral%2C_Santiago_de_Compostela%2C_Espa%C3%B1a%2C_2015-09-22%2C_DD_12.jpg","type":"","width":"","height":""}],"twitter_card":"summary_large_image","twitter_misc":{"Gesch\u00e4tzte Lesezeit":"6\u00a0Minute"},"schema":{"@context":"https:\/\/schema.org","@graph":[{"@type":"WebPage","@id":"https:\/\/www.amis-de-compostelle.fr\/de\/der-weg\/in-santiago-de-compostela\/die-kathedrale\/","url":"https:\/\/www.amis-de-compostelle.fr\/de\/der-weg\/in-santiago-de-compostela\/die-kathedrale\/","name":"Die Kathedrale &#060; Soci\u00e9t\u00e9 Fran\u00e7aise des Amis de Saint-Jacques de Compostelle","isPartOf":{"@id":"https:\/\/www.amis-de-compostelle.fr\/de\/#website"},"primaryImageOfPage":{"@id":"https:\/\/www.amis-de-compostelle.fr\/de\/der-weg\/in-santiago-de-compostela\/die-kathedrale\/#primaryimage"},"image":{"@id":"https:\/\/www.amis-de-compostelle.fr\/de\/der-weg\/in-santiago-de-compostela\/die-kathedrale\/#primaryimage"},"thumbnailUrl":"https:\/\/upload.wikimedia.org\/wikipedia\/commons\/thumb\/4\/4f\/Catedral%2C_Santiago_de_Compostela%2C_Espa%C3%B1a%2C_2015-09-22%2C_DD_12.jpg\/443px-Catedral%2C_Santiago_de_Compostela%2C_Espa%C3%B1a%2C_2015-09-22%2C_DD_12.jpg","datePublished":"2021-02-10T22:39:03+00:00","dateModified":"2025-11-12T21:36:32+00:00","breadcrumb":{"@id":"https:\/\/www.amis-de-compostelle.fr\/de\/der-weg\/in-santiago-de-compostela\/die-kathedrale\/#breadcrumb"},"inLanguage":"de","potentialAction":[{"@type":"ReadAction","target":["https:\/\/www.amis-de-compostelle.fr\/de\/der-weg\/in-santiago-de-compostela\/die-kathedrale\/"]}]},{"@type":"ImageObject","inLanguage":"de","@id":"https:\/\/www.amis-de-compostelle.fr\/de\/der-weg\/in-santiago-de-compostela\/die-kathedrale\/#primaryimage","url":"https:\/\/upload.wikimedia.org\/wikipedia\/commons\/thumb\/4\/4f\/Catedral%2C_Santiago_de_Compostela%2C_Espa%C3%B1a%2C_2015-09-22%2C_DD_12.jpg\/443px-Catedral%2C_Santiago_de_Compostela%2C_Espa%C3%B1a%2C_2015-09-22%2C_DD_12.jpg","contentUrl":"https:\/\/upload.wikimedia.org\/wikipedia\/commons\/thumb\/4\/4f\/Catedral%2C_Santiago_de_Compostela%2C_Espa%C3%B1a%2C_2015-09-22%2C_DD_12.jpg\/443px-Catedral%2C_Santiago_de_Compostela%2C_Espa%C3%B1a%2C_2015-09-22%2C_DD_12.jpg"},{"@type":"BreadcrumbList","@id":"https:\/\/www.amis-de-compostelle.fr\/de\/der-weg\/in-santiago-de-compostela\/die-kathedrale\/#breadcrumb","itemListElement":[{"@type":"ListItem","position":1,"name":"Accueil","item":"https:\/\/www.amis-de-compostelle.fr\/de\/"},{"@type":"ListItem","position":2,"name":"Der Weg","item":"https:\/\/www.amis-de-compostelle.fr\/de\/der-weg\/"},{"@type":"ListItem","position":3,"name":"In Santiago de Compostela","item":"https:\/\/www.amis-de-compostelle.fr\/de\/der-weg\/in-santiago-de-compostela\/"},{"@type":"ListItem","position":4,"name":"Die Kathedrale"}]},{"@type":"WebSite","@id":"https:\/\/www.amis-de-compostelle.fr\/de\/#website","url":"https:\/\/www.amis-de-compostelle.fr\/de\/","name":"Soci\u00e9t\u00e9 Fran\u00e7aise des Amis de Saint-Jacques de Compostelle","description":"La plus ancienne de toutes les associations jacquaires \u2013 depuis 1950","publisher":{"@id":"https:\/\/www.amis-de-compostelle.fr\/de\/#organization"},"potentialAction":[{"@type":"SearchAction","target":{"@type":"EntryPoint","urlTemplate":"https:\/\/www.amis-de-compostelle.fr\/de\/?s={search_term_string}"},"query-input":{"@type":"PropertyValueSpecification","valueRequired":true,"valueName":"search_term_string"}}],"inLanguage":"de"},{"@type":"Organization","@id":"https:\/\/www.amis-de-compostelle.fr\/de\/#organization","name":"SOCIETE FRANCAISE DES AMIS DE SAINT-JACQUES DE COMPOSTELLE","url":"https:\/\/www.amis-de-compostelle.fr\/de\/","logo":{"@type":"ImageObject","inLanguage":"de","@id":"https:\/\/www.amis-de-compostelle.fr\/de\/#\/schema\/logo\/image\/","url":"https:\/\/www.amis-de-compostelle.fr\/wp-content\/uploads\/2021\/02\/cropped-SFASJ-logo.png","contentUrl":"https:\/\/www.amis-de-compostelle.fr\/wp-content\/uploads\/2021\/02\/cropped-SFASJ-logo.png","width":512,"height":512,"caption":"SOCIETE FRANCAISE DES AMIS DE SAINT-JACQUES DE COMPOSTELLE"},"image":{"@id":"https:\/\/www.amis-de-compostelle.fr\/de\/#\/schema\/logo\/image\/"}}]}},"_links":{"self":[{"href":"https:\/\/www.amis-de-compostelle.fr\/de\/wp-json\/wp\/v2\/pages\/8199","targetHints":{"allow":["GET"]}}],"collection":[{"href":"https:\/\/www.amis-de-compostelle.fr\/de\/wp-json\/wp\/v2\/pages"}],"about":[{"href":"https:\/\/www.amis-de-compostelle.fr\/de\/wp-json\/wp\/v2\/types\/page"}],"author":[{"embeddable":true,"href":"https:\/\/www.amis-de-compostelle.fr\/de\/wp-json\/wp\/v2\/users\/1"}],"replies":[{"embeddable":true,"href":"https:\/\/www.amis-de-compostelle.fr\/de\/wp-json\/wp\/v2\/comments?post=8199"}],"version-history":[{"count":3,"href":"https:\/\/www.amis-de-compostelle.fr\/de\/wp-json\/wp\/v2\/pages\/8199\/revisions"}],"predecessor-version":[{"id":10590,"href":"https:\/\/www.amis-de-compostelle.fr\/de\/wp-json\/wp\/v2\/pages\/8199\/revisions\/10590"}],"up":[{"embeddable":true,"href":"https:\/\/www.amis-de-compostelle.fr\/de\/wp-json\/wp\/v2\/pages\/8059"}],"wp:attachment":[{"href":"https:\/\/www.amis-de-compostelle.fr\/de\/wp-json\/wp\/v2\/media?parent=8199"}],"curies":[{"name":"wp","href":"https:\/\/api.w.org\/{rel}","templated":true}]}}