{"id":8190,"date":"2021-02-10T23:30:02","date_gmt":"2021-02-10T22:30:02","guid":{"rendered":"https:\/\/www.amis-de-compostelle.fr\/historia-de-la-peregrinacion\/"},"modified":"2025-06-26T13:26:52","modified_gmt":"2025-06-26T11:26:52","slug":"historia-de-la-peregrinacion","status":"publish","type":"page","link":"https:\/\/www.amis-de-compostelle.fr\/es\/el-camino\/un-poco-de-historia\/historia-de-la-peregrinacion\/","title":{"rendered":"Historia de la peregrinaci\u00f3n"},"content":{"rendered":"","protected":false},"excerpt":{"rendered":"","protected":false},"author":1,"featured_media":0,"parent":8278,"menu_order":0,"comment_status":"closed","ping_status":"closed","template":"","meta":{"_acf_changed":false,"inline_featured_image":false,"_EventAllDay":false,"_EventTimezone":"","_EventStartDate":"","_EventEndDate":"","_EventStartDateUTC":"","_EventEndDateUTC":"","_EventShowMap":false,"_EventShowMapLink":false,"_EventURL":"","_EventCost":"","_EventCostDescription":"","_EventCurrencySymbol":"","_EventCurrencyCode":"","_EventCurrencyPosition":"","_EventDateTimeSeparator":"","_EventTimeRangeSeparator":"","_EventOrganizerID":[],"_EventVenueID":[],"_OrganizerEmail":"","_OrganizerPhone":"","_OrganizerWebsite":"","_VenueAddress":"","_VenueCity":"","_VenueCountry":"","_VenueProvince":"","_VenueState":"","_VenueZip":"","_VenuePhone":"","_VenueURL":"","_VenueStateProvince":"","_VenueLat":"","_VenueLng":"","_VenueShowMap":false,"_VenueShowMapLink":false,"footnotes":""},"class_list":["post-8190","page","type-page","status-publish","hentry"],"acf":[],"yoast_head":"<!-- This site is optimized with the Yoast SEO plugin v27.3 - https:\/\/yoast.com\/product\/yoast-seo-wordpress\/ -->\n<title>Historia de la peregrinaci\u00f3n &#060; Soci\u00e9t\u00e9 Fran\u00e7aise des Amis de Saint-Jacques de Compostelle<\/title>\n<meta name=\"robots\" content=\"index, follow, max-snippet:-1, max-image-preview:large, max-video-preview:-1\" \/>\n<link rel=\"canonical\" href=\"https:\/\/www.amis-de-compostelle.fr\/es\/el-camino\/un-poco-de-historia\/historia-de-la-peregrinacion\/\" \/>\n<meta property=\"og:locale\" content=\"es_ES\" \/>\n<meta property=\"og:type\" content=\"article\" \/>\n<meta property=\"og:title\" content=\"Historia de la peregrinaci\u00f3n &#060; Soci\u00e9t\u00e9 Fran\u00e7aise des Amis de Saint-Jacques de Compostelle\" \/>\n<meta property=\"og:url\" content=\"https:\/\/www.amis-de-compostelle.fr\/es\/el-camino\/un-poco-de-historia\/historia-de-la-peregrinacion\/\" \/>\n<meta property=\"og:site_name\" content=\"Soci\u00e9t\u00e9 Fran\u00e7aise des Amis de Saint-Jacques de Compostelle\" \/>\n<meta property=\"article:modified_time\" content=\"2025-06-26T11:26:52+00:00\" \/>\n<meta name=\"twitter:card\" content=\"summary_large_image\" \/>\n<meta name=\"twitter:label1\" content=\"Tiempo de lectura\" \/>\n\t<meta name=\"twitter:data1\" content=\"2 minuto\" \/>\n<script type=\"application\/ld+json\" class=\"yoast-schema-graph\">{\"@context\":\"https:\\\/\\\/schema.org\",\"@graph\":[{\"@type\":\"WebPage\",\"@id\":\"https:\\\/\\\/www.amis-de-compostelle.fr\\\/es\\\/el-camino\\\/un-poco-de-historia\\\/historia-de-la-peregrinacion\\\/\",\"url\":\"https:\\\/\\\/www.amis-de-compostelle.fr\\\/es\\\/el-camino\\\/un-poco-de-historia\\\/historia-de-la-peregrinacion\\\/\",\"name\":\"Historia de la peregrinaci\u00f3n &#060; Soci\u00e9t\u00e9 Fran\u00e7aise des Amis de Saint-Jacques de Compostelle\",\"isPartOf\":{\"@id\":\"https:\\\/\\\/www.amis-de-compostelle.fr\\\/es\\\/#website\"},\"datePublished\":\"2021-02-10T22:30:02+00:00\",\"dateModified\":\"2025-06-26T11:26:52+00:00\",\"breadcrumb\":{\"@id\":\"https:\\\/\\\/www.amis-de-compostelle.fr\\\/es\\\/el-camino\\\/un-poco-de-historia\\\/historia-de-la-peregrinacion\\\/#breadcrumb\"},\"inLanguage\":\"es\",\"potentialAction\":[{\"@type\":\"ReadAction\",\"target\":[\"https:\\\/\\\/www.amis-de-compostelle.fr\\\/es\\\/el-camino\\\/un-poco-de-historia\\\/historia-de-la-peregrinacion\\\/\"]}]},{\"@type\":\"BreadcrumbList\",\"@id\":\"https:\\\/\\\/www.amis-de-compostelle.fr\\\/es\\\/el-camino\\\/un-poco-de-historia\\\/historia-de-la-peregrinacion\\\/#breadcrumb\",\"itemListElement\":[{\"@type\":\"ListItem\",\"position\":1,\"name\":\"Accueil\",\"item\":\"https:\\\/\\\/www.amis-de-compostelle.fr\\\/es\\\/\"},{\"@type\":\"ListItem\",\"position\":2,\"name\":\"El camino\",\"item\":\"https:\\\/\\\/www.amis-de-compostelle.fr\\\/es\\\/el-camino\\\/\"},{\"@type\":\"ListItem\",\"position\":3,\"name\":\"Un poco de historia\",\"item\":\"https:\\\/\\\/www.amis-de-compostelle.fr\\\/es\\\/el-camino\\\/un-poco-de-historia\\\/\"},{\"@type\":\"ListItem\",\"position\":4,\"name\":\"Historia de la peregrinaci\u00f3n\"}]},{\"@type\":\"WebSite\",\"@id\":\"https:\\\/\\\/www.amis-de-compostelle.fr\\\/es\\\/#website\",\"url\":\"https:\\\/\\\/www.amis-de-compostelle.fr\\\/es\\\/\",\"name\":\"Soci\u00e9t\u00e9 Fran\u00e7aise des Amis de Saint-Jacques de Compostelle\",\"description\":\"La plus ancienne de toutes les associations jacquaires \u2013 depuis 1950\",\"publisher\":{\"@id\":\"https:\\\/\\\/www.amis-de-compostelle.fr\\\/es\\\/#organization\"},\"potentialAction\":[{\"@type\":\"SearchAction\",\"target\":{\"@type\":\"EntryPoint\",\"urlTemplate\":\"https:\\\/\\\/www.amis-de-compostelle.fr\\\/es\\\/?s={search_term_string}\"},\"query-input\":{\"@type\":\"PropertyValueSpecification\",\"valueRequired\":true,\"valueName\":\"search_term_string\"}}],\"inLanguage\":\"es\"},{\"@type\":\"Organization\",\"@id\":\"https:\\\/\\\/www.amis-de-compostelle.fr\\\/es\\\/#organization\",\"name\":\"SOCIETE FRANCAISE DES AMIS DE SAINT-JACQUES DE COMPOSTELLE\",\"url\":\"https:\\\/\\\/www.amis-de-compostelle.fr\\\/es\\\/\",\"logo\":{\"@type\":\"ImageObject\",\"inLanguage\":\"es\",\"@id\":\"https:\\\/\\\/www.amis-de-compostelle.fr\\\/es\\\/#\\\/schema\\\/logo\\\/image\\\/\",\"url\":\"https:\\\/\\\/www.amis-de-compostelle.fr\\\/wp-content\\\/uploads\\\/2021\\\/02\\\/cropped-SFASJ-logo.png\",\"contentUrl\":\"https:\\\/\\\/www.amis-de-compostelle.fr\\\/wp-content\\\/uploads\\\/2021\\\/02\\\/cropped-SFASJ-logo.png\",\"width\":512,\"height\":512,\"caption\":\"SOCIETE FRANCAISE DES AMIS DE SAINT-JACQUES DE COMPOSTELLE\"},\"image\":{\"@id\":\"https:\\\/\\\/www.amis-de-compostelle.fr\\\/es\\\/#\\\/schema\\\/logo\\\/image\\\/\"}}]}<\/script>\n<!-- \/ Yoast SEO plugin. -->","yoast_head_json":{"title":"Historia de la peregrinaci\u00f3n &#060; Soci\u00e9t\u00e9 Fran\u00e7aise des Amis de Saint-Jacques de Compostelle","robots":{"index":"index","follow":"follow","max-snippet":"max-snippet:-1","max-image-preview":"max-image-preview:large","max-video-preview":"max-video-preview:-1"},"canonical":"https:\/\/www.amis-de-compostelle.fr\/es\/el-camino\/un-poco-de-historia\/historia-de-la-peregrinacion\/","og_locale":"es_ES","og_type":"article","og_title":"Historia de la peregrinaci\u00f3n &#060; Soci\u00e9t\u00e9 Fran\u00e7aise des Amis de Saint-Jacques de Compostelle","og_url":"https:\/\/www.amis-de-compostelle.fr\/es\/el-camino\/un-poco-de-historia\/historia-de-la-peregrinacion\/","og_site_name":"Soci\u00e9t\u00e9 Fran\u00e7aise des Amis de Saint-Jacques de Compostelle","article_modified_time":"2025-06-26T11:26:52+00:00","twitter_card":"summary_large_image","twitter_misc":{"Tiempo de lectura":"2 minuto"},"schema":{"@context":"https:\/\/schema.org","@graph":[{"@type":"WebPage","@id":"https:\/\/www.amis-de-compostelle.fr\/es\/el-camino\/un-poco-de-historia\/historia-de-la-peregrinacion\/","url":"https:\/\/www.amis-de-compostelle.fr\/es\/el-camino\/un-poco-de-historia\/historia-de-la-peregrinacion\/","name":"Historia de la peregrinaci\u00f3n &#060; Soci\u00e9t\u00e9 Fran\u00e7aise des Amis de Saint-Jacques de Compostelle","isPartOf":{"@id":"https:\/\/www.amis-de-compostelle.fr\/es\/#website"},"datePublished":"2021-02-10T22:30:02+00:00","dateModified":"2025-06-26T11:26:52+00:00","breadcrumb":{"@id":"https:\/\/www.amis-de-compostelle.fr\/es\/el-camino\/un-poco-de-historia\/historia-de-la-peregrinacion\/#breadcrumb"},"inLanguage":"es","potentialAction":[{"@type":"ReadAction","target":["https:\/\/www.amis-de-compostelle.fr\/es\/el-camino\/un-poco-de-historia\/historia-de-la-peregrinacion\/"]}]},{"@type":"BreadcrumbList","@id":"https:\/\/www.amis-de-compostelle.fr\/es\/el-camino\/un-poco-de-historia\/historia-de-la-peregrinacion\/#breadcrumb","itemListElement":[{"@type":"ListItem","position":1,"name":"Accueil","item":"https:\/\/www.amis-de-compostelle.fr\/es\/"},{"@type":"ListItem","position":2,"name":"El camino","item":"https:\/\/www.amis-de-compostelle.fr\/es\/el-camino\/"},{"@type":"ListItem","position":3,"name":"Un poco de historia","item":"https:\/\/www.amis-de-compostelle.fr\/es\/el-camino\/un-poco-de-historia\/"},{"@type":"ListItem","position":4,"name":"Historia de la peregrinaci\u00f3n"}]},{"@type":"WebSite","@id":"https:\/\/www.amis-de-compostelle.fr\/es\/#website","url":"https:\/\/www.amis-de-compostelle.fr\/es\/","name":"Soci\u00e9t\u00e9 Fran\u00e7aise des Amis de Saint-Jacques de Compostelle","description":"La plus ancienne de toutes les associations jacquaires \u2013 depuis 1950","publisher":{"@id":"https:\/\/www.amis-de-compostelle.fr\/es\/#organization"},"potentialAction":[{"@type":"SearchAction","target":{"@type":"EntryPoint","urlTemplate":"https:\/\/www.amis-de-compostelle.fr\/es\/?s={search_term_string}"},"query-input":{"@type":"PropertyValueSpecification","valueRequired":true,"valueName":"search_term_string"}}],"inLanguage":"es"},{"@type":"Organization","@id":"https:\/\/www.amis-de-compostelle.fr\/es\/#organization","name":"SOCIETE FRANCAISE DES AMIS DE SAINT-JACQUES DE COMPOSTELLE","url":"https:\/\/www.amis-de-compostelle.fr\/es\/","logo":{"@type":"ImageObject","inLanguage":"es","@id":"https:\/\/www.amis-de-compostelle.fr\/es\/#\/schema\/logo\/image\/","url":"https:\/\/www.amis-de-compostelle.fr\/wp-content\/uploads\/2021\/02\/cropped-SFASJ-logo.png","contentUrl":"https:\/\/www.amis-de-compostelle.fr\/wp-content\/uploads\/2021\/02\/cropped-SFASJ-logo.png","width":512,"height":512,"caption":"SOCIETE FRANCAISE DES AMIS DE SAINT-JACQUES DE COMPOSTELLE"},"image":{"@id":"https:\/\/www.amis-de-compostelle.fr\/es\/#\/schema\/logo\/image\/"}}]}},"_links":{"self":[{"href":"https:\/\/www.amis-de-compostelle.fr\/es\/wp-json\/wp\/v2\/pages\/8190","targetHints":{"allow":["GET"]}}],"collection":[{"href":"https:\/\/www.amis-de-compostelle.fr\/es\/wp-json\/wp\/v2\/pages"}],"about":[{"href":"https:\/\/www.amis-de-compostelle.fr\/es\/wp-json\/wp\/v2\/types\/page"}],"author":[{"embeddable":true,"href":"https:\/\/www.amis-de-compostelle.fr\/es\/wp-json\/wp\/v2\/users\/1"}],"replies":[{"embeddable":true,"href":"https:\/\/www.amis-de-compostelle.fr\/es\/wp-json\/wp\/v2\/comments?post=8190"}],"version-history":[{"count":1,"href":"https:\/\/www.amis-de-compostelle.fr\/es\/wp-json\/wp\/v2\/pages\/8190\/revisions"}],"predecessor-version":[{"id":8191,"href":"https:\/\/www.amis-de-compostelle.fr\/es\/wp-json\/wp\/v2\/pages\/8190\/revisions\/8191"}],"up":[{"embeddable":true,"href":"https:\/\/www.amis-de-compostelle.fr\/es\/wp-json\/wp\/v2\/pages\/8278"}],"wp:attachment":[{"href":"https:\/\/www.amis-de-compostelle.fr\/es\/wp-json\/wp\/v2\/media?parent=8190"}],"curies":[{"name":"wp","href":"https:\/\/api.w.org\/{rel}","templated":true}]}}